{"id":36,"date":"2018-05-28T11:43:37","date_gmt":"2018-05-28T11:43:37","guid":{"rendered":"https:\/\/placonstruct.com\/?page_id=36"},"modified":"2019-05-14T10:06:52","modified_gmt":"2019-05-14T10:06:52","slug":"interiorismo","status":"publish","type":"page","link":"http:\/\/placonstruct.com\/?page_id=36","title":{"rendered":"Interiorismo"},"content":{"rendered":"<p>[et_pb_section fb_built=\u00bb1&#8243; specialty=\u00bbon\u00bb _builder_version=\u00bb3.18.9&#8243; custom_margin=\u00bb25px|||-175px\u00bb custom_padding=\u00bb0|207px|0|0|true|false\u00bb][et_pb_column type=\u00bb1_2&#8243; specialty_columns=\u00bb2&#8243; _builder_version=\u00bb3.0.47&#8243; parallax__hover=\u00bboff\u00bb parallax_method__hover=\u00bbon\u00bb parallax=\u00bboff\u00bb parallax_method=\u00bbon\u00bb][et_pb_row_inner custom_padding=\u00bb0|0|39.0625px|202px|false|false\u00bb _builder_version=\u00bb3.18.9&#8243; custom_margin=\u00bb|||92px\u00bb][et_pb_column_inner type=\u00bb4_4&#8243; saved_specialty_column_type=\u00bb1_2&#8243; _builder_version=\u00bb3.0.47&#8243; parallax__hover=\u00bboff\u00bb parallax_method__hover=\u00bbon\u00bb parallax=\u00bboff\u00bb parallax_method=\u00bbon\u00bb][et_pb_text _builder_version=\u00bb3.18.9&#8243; text_font=\u00bb||||||||\u00bb text_font_size_tablet=\u00bb12px\u00bb text_font_size_phone=\u00bb12px\u00bb text_font_size_last_edited=\u00bbon|desktop\u00bb text_letter_spacing_last_edited=\u00bbon|desktop\u00bb text_line_height_phone=\u00bb2em\u00bb text_line_height_last_edited=\u00bbon|phone\u00bb header_font=\u00bb||||||||\u00bb header_letter_spacing_phone=\u00bb0px\u00bb header_letter_spacing_last_edited=\u00bbon|desktop\u00bb header_line_height_phone=\u00bb1em\u00bb header_line_height_last_edited=\u00bbon|phone\u00bb custom_margin_tablet=\u00bb|||-82px\u00bb custom_margin_phone=\u00bb|-98px||-99px\u00bb custom_margin_last_edited=\u00bbon|desktop\u00bb]<\/p>\n<h1 class=\"p1\" style=\"text-align: justify;\"><span style=\"font-size: x-large;\"><strong>Interiorismo<\/strong><\/span><\/h1>\n<p style=\"text-align: justify;\"><span><strong><\/strong><\/span><\/p>\n<p style=\"text-align: justify;\"><span><strong><\/strong><\/span><\/p>\n<p class=\"p2\" style=\"text-align: justify;\">Dise\u00f1amos las mejores soluciones para conseguir optimizar la distribuci\u00f3n del espacio y crear un entorno funcional y est\u00e9tico. Damos forma al estilo de cada cliente. Asimismo, dise\u00f1amos y producimos mobiliario a medida.<\/p>\n<p>[\/et_pb_text][\/et_pb_column_inner][\/et_pb_row_inner][\/et_pb_column][et_pb_column type=\u00bb1_2&#8243; _builder_version=\u00bb3.0.47&#8243; parallax__hover=\u00bboff\u00bb parallax_method__hover=\u00bbon\u00bb parallax=\u00bboff\u00bb parallax_method=\u00bbon\u00bb][et_pb_image src=\u00bbhttps:\/\/placonstruct.com\/wp-content\/uploads\/2019\/05\/INA7394-HDR.jpg\u00bb _builder_version=\u00bb3.18.9&#8243; custom_margin=\u00bb-25px|-112px||101px\u00bb custom_margin_tablet=\u00bb|-292px||174px\u00bb custom_margin_phone=\u00bb-40px|-288px||\u00bb custom_margin_last_edited=\u00bbon|desktop\u00bb custom_padding=\u00bb0px|94px||18px\u00bb][\/et_pb_image][\/et_pb_column][\/et_pb_section]<\/p>\n","protected":false},"excerpt":{"rendered":"<p>[et_pb_section fb_built=\u00bb1&#8243; specialty=\u00bbon\u00bb _builder_version=\u00bb3.18.9&#8243; custom_margin=\u00bb25px|||-175px\u00bb custom_padding=\u00bb0|207px|0|0|true|false\u00bb][et_pb_column type=\u00bb1_2&#8243; specialty_columns=\u00bb2&#8243; _builder_version=\u00bb3.0.47&#8243; parallax__hover=\u00bboff\u00bb parallax_method__hover=\u00bbon\u00bb parallax=\u00bboff\u00bb parallax_method=\u00bbon\u00bb][et_pb_row_inner custom_padding=\u00bb0|0|39.0625px|202px|false|false\u00bb _builder_version=\u00bb3.18.9&#8243; custom_margin=\u00bb|||92px\u00bb][et_pb_column_inner type=\u00bb4_4&#8243; saved_specialty_column_type=\u00bb1_2&#8243; _builder_version=\u00bb3.0.47&#8243; parallax__hover=\u00bboff\u00bb parallax_method__hover=\u00bbon\u00bb parallax=\u00bboff\u00bb parallax_method=\u00bbon\u00bb][et_pb_text _builder_version=\u00bb3.18.9&#8243; text_font=\u00bb||||||||\u00bb text_font_size_tablet=\u00bb12px\u00bb text_font_size_phone=\u00bb12px\u00bb text_font_size_last_edited=\u00bbon|desktop\u00bb text_letter_spacing_last_edited=\u00bbon|desktop\u00bb text_line_height_phone=\u00bb2em\u00bb text_line_height_last_edited=\u00bbon|phone\u00bb header_font=\u00bb||||||||\u00bb header_letter_spacing_phone=\u00bb0px\u00bb header_letter_spacing_last_edited=\u00bbon|desktop\u00bb header_line_height_phone=\u00bb1em\u00bb header_line_height_last_edited=\u00bbon|phone\u00bb custom_margin_tablet=\u00bb|||-82px\u00bb custom_margin_phone=\u00bb|-98px||-99px\u00bb custom_margin_last_edited=\u00bbon|desktop\u00bb] Interiorismo Dise\u00f1amos las mejores soluciones para conseguir optimizar la distribuci\u00f3n del espacio y crear un entorno [&hellip;]<\/p>\n","protected":false},"author":1,"featured_media":0,"parent":0,"menu_order":0,"comment_status":"closed","ping_status":"closed","template":"","meta":{"_et_pb_use_builder":"on","_et_pb_old_content":"","_et_gb_content_width":"","footnotes":""},"class_list":["post-36","page","type-page","status-publish","hentry"],"_links":{"self":[{"href":"http:\/\/placonstruct.com\/index.php?rest_route=\/wp\/v2\/pages\/36","targetHints":{"allow":["GET"]}}],"collection":[{"href":"http:\/\/placonstruct.com\/index.php?rest_route=\/wp\/v2\/pages"}],"about":[{"href":"http:\/\/placonstruct.com\/index.php?rest_route=\/wp\/v2\/types\/page"}],"author":[{"embeddable":true,"href":"http:\/\/placonstruct.com\/index.php?rest_route=\/wp\/v2\/users\/1"}],"replies":[{"embeddable":true,"href":"http:\/\/placonstruct.com\/index.php?rest_route=%2Fwp%2Fv2%2Fcomments&post=36"}],"version-history":[{"count":21,"href":"http:\/\/placonstruct.com\/index.php?rest_route=\/wp\/v2\/pages\/36\/revisions"}],"predecessor-version":[{"id":1711,"href":"http:\/\/placonstruct.com\/index.php?rest_route=\/wp\/v2\/pages\/36\/revisions\/1711"}],"wp:attachment":[{"href":"http:\/\/placonstruct.com\/index.php?rest_route=%2Fwp%2Fv2%2Fmedia&parent=36"}],"curies":[{"name":"wp","href":"https:\/\/api.w.org\/{rel}","templated":true}]}}