{"id":517,"date":"2018-12-24T11:16:31","date_gmt":"2018-12-24T11:16:31","guid":{"rendered":"https:\/\/placonstruct.com\/?page_id=517"},"modified":"2019-05-14T11:21:57","modified_gmt":"2019-05-14T11:21:57","slug":"oficinas-en-cerda","status":"publish","type":"page","link":"http:\/\/placonstruct.com\/?page_id=517","title":{"rendered":"Oficinas en Cerd\u00e0"},"content":{"rendered":"<p>[et_pb_section fb_built=\u00bb1&#8243; specialty=\u00bbon\u00bb _builder_version=\u00bb3.17.6&#8243;][et_pb_column type=\u00bb1_2&#8243; _builder_version=\u00bb3.0.47&#8243; parallax__hover=\u00bboff\u00bb parallax_method__hover=\u00bbon\u00bb parallax=\u00bboff\u00bb parallax_method=\u00bbon\u00bb][et_pb_gallery gallery_ids=\u00bb1463,1462,1461,1460,1459,1458,1457,1455,1454,1453,1452,1450,1449,1451&#8243; fullwidth=\u00bbon\u00bb hover_icon=\u00bb%%32%%\u00bb _builder_version=\u00bb3.18.9&#8243; custom_margin=\u00bb-13px||\u00bb background_layout=\u00bbdark\u00bb]<br \/>\n[\/et_pb_gallery][\/et_pb_column][et_pb_column type=\u00bb1_2&#8243; specialty_columns=\u00bb2&#8243; _builder_version=\u00bb3.0.47&#8243; parallax__hover=\u00bboff\u00bb parallax_method__hover=\u00bbon\u00bb parallax=\u00bboff\u00bb parallax_method=\u00bbon\u00bb][et_pb_row_inner custom_padding=\u00bb29.6875px|101px|29px|0px|false|false\u00bb _builder_version=\u00bb3.17.6&#8243; custom_margin=\u00bb-20px|||\u00bb][et_pb_column_inner type=\u00bb4_4&#8243; saved_specialty_column_type=\u00bb1_2&#8243; _builder_version=\u00bb3.0.47&#8243; parallax__hover=\u00bboff\u00bb parallax_method__hover=\u00bbon\u00bb parallax=\u00bboff\u00bb parallax_method=\u00bbon\u00bb][et_pb_text _builder_version=\u00bb3.18.9&#8243; text_font=\u00bb||||||||\u00bb text_font_size_phone=\u00bb12px\u00bb text_font_size_last_edited=\u00bbon|desktop\u00bb text_line_height=\u00bb1.9em\u00bb text_line_height_phone=\u00bb2em\u00bb text_line_height_last_edited=\u00bbon|desktop\u00bb header_font=\u00bb||||||||\u00bb inline_fonts=\u00bbUbuntu Mono\u00bb custom_margin_last_edited=\u00bbon|desktop\u00bb custom_margin_phone=\u00bb|-79px||\u00bb]<\/p>\n<h1 style=\"text-align: justify;\"><span style=\"color: #ab0033; font-family: 'Ubuntu Mono'; font-weight: normal; font-size: medium;\">Oficinas en Cerd\u00e0<\/span><\/h1>\n<p><span style=\"font-size: medium;\"><\/span><\/p>\n<p style=\"text-align: justify;\"><span><strong>Cliente<\/strong>: particular<\/span><\/p>\n<p style=\"text-align: justify;\"><span><strong>Superficie<\/strong>: 250 m2<\/span><\/p>\n<p style=\"text-align: justify;\"><span><strong>Situaci\u00f3n<\/strong>: Barcelona<\/span><\/p>\n<p><span>Proyecto ejecutivo, ejecuci\u00f3n de reforma integral e interiorismo.<\/span><\/p>\n<p><span><\/span><\/p>\n<p><span><\/span><\/p>\n<p style=\"text-align: justify;\"><span>Dise\u00f1o de interiores para oficinas en Barcelona. Propuesta crom\u00e1tica, trabajos de pintura y decoraci\u00f3n bajo la premisa de mantener al m\u00e1ximo los elementos originales. <\/span><\/p>\n<h6 style=\"text-align: justify;\"><span>\u00a0<\/span><\/h6>\n<p class=\"p1\">\n[\/et_pb_text][\/et_pb_column_inner][\/et_pb_row_inner][\/et_pb_column][\/et_pb_section]<\/p>\n","protected":false},"excerpt":{"rendered":"<p>[et_pb_section fb_built=\u00bb1&#8243; specialty=\u00bbon\u00bb _builder_version=\u00bb3.17.6&#8243;][et_pb_column type=\u00bb1_2&#8243; _builder_version=\u00bb3.0.47&#8243; parallax__hover=\u00bboff\u00bb parallax_method__hover=\u00bbon\u00bb parallax=\u00bboff\u00bb parallax_method=\u00bbon\u00bb][et_pb_gallery gallery_ids=\u00bb1463,1462,1461,1460,1459,1458,1457,1455,1454,1453,1452,1450,1449,1451&#8243; fullwidth=\u00bbon\u00bb hover_icon=\u00bb%%32%%\u00bb _builder_version=\u00bb3.18.9&#8243; custom_margin=\u00bb-13px||\u00bb background_layout=\u00bbdark\u00bb] [\/et_pb_gallery][\/et_pb_column][et_pb_column type=\u00bb1_2&#8243; specialty_columns=\u00bb2&#8243; _builder_version=\u00bb3.0.47&#8243; parallax__hover=\u00bboff\u00bb parallax_method__hover=\u00bbon\u00bb parallax=\u00bboff\u00bb parallax_method=\u00bbon\u00bb][et_pb_row_inner custom_padding=\u00bb29.6875px|101px|29px|0px|false|false\u00bb _builder_version=\u00bb3.17.6&#8243; custom_margin=\u00bb-20px|||\u00bb][et_pb_column_inner type=\u00bb4_4&#8243; saved_specialty_column_type=\u00bb1_2&#8243; _builder_version=\u00bb3.0.47&#8243; parallax__hover=\u00bboff\u00bb parallax_method__hover=\u00bbon\u00bb parallax=\u00bboff\u00bb parallax_method=\u00bbon\u00bb][et_pb_text _builder_version=\u00bb3.18.9&#8243; text_font=\u00bb||||||||\u00bb text_font_size_phone=\u00bb12px\u00bb text_font_size_last_edited=\u00bbon|desktop\u00bb text_line_height=\u00bb1.9em\u00bb text_line_height_phone=\u00bb2em\u00bb text_line_height_last_edited=\u00bbon|desktop\u00bb header_font=\u00bb||||||||\u00bb inline_fonts=\u00bbUbuntu Mono\u00bb custom_margin_last_edited=\u00bbon|desktop\u00bb custom_margin_phone=\u00bb|-79px||\u00bb] Oficinas en Cerd\u00e0 Cliente: particular Superficie: 250 m2 Situaci\u00f3n: [&hellip;]<\/p>\n","protected":false},"author":1,"featured_media":0,"parent":0,"menu_order":0,"comment_status":"closed","ping_status":"closed","template":"","meta":{"_et_pb_use_builder":"on","_et_pb_old_content":"","_et_gb_content_width":"","footnotes":""},"class_list":["post-517","page","type-page","status-publish","hentry"],"_links":{"self":[{"href":"http:\/\/placonstruct.com\/index.php?rest_route=\/wp\/v2\/pages\/517","targetHints":{"allow":["GET"]}}],"collection":[{"href":"http:\/\/placonstruct.com\/index.php?rest_route=\/wp\/v2\/pages"}],"about":[{"href":"http:\/\/placonstruct.com\/index.php?rest_route=\/wp\/v2\/types\/page"}],"author":[{"embeddable":true,"href":"http:\/\/placonstruct.com\/index.php?rest_route=\/wp\/v2\/users\/1"}],"replies":[{"embeddable":true,"href":"http:\/\/placonstruct.com\/index.php?rest_route=%2Fwp%2Fv2%2Fcomments&post=517"}],"version-history":[{"count":9,"href":"http:\/\/placonstruct.com\/index.php?rest_route=\/wp\/v2\/pages\/517\/revisions"}],"predecessor-version":[{"id":1734,"href":"http:\/\/placonstruct.com\/index.php?rest_route=\/wp\/v2\/pages\/517\/revisions\/1734"}],"wp:attachment":[{"href":"http:\/\/placonstruct.com\/index.php?rest_route=%2Fwp%2Fv2%2Fmedia&parent=517"}],"curies":[{"name":"wp","href":"https:\/\/api.w.org\/{rel}","templated":true}]}}