{"id":61,"date":"2019-05-06T10:04:25","date_gmt":"2019-05-06T10:04:25","guid":{"rendered":"https:\/\/placonstruct.com\/?page_id=61"},"modified":"2019-06-04T17:08:11","modified_gmt":"2019-06-04T17:08:11","slug":"inicio","status":"publish","type":"page","link":"http:\/\/placonstruct.com\/","title":{"rendered":"Inicio"},"content":{"rendered":"<p>[et_pb_section fb_built=\u00bb1&#8243; fullwidth=\u00bbon\u00bb _builder_version=\u00bb3.18.9&#8243;][et_pb_fullwidth_image src=\u00bbhttps:\/\/placonstruct.com\/wp-content\/uploads\/2019\/03\/INA7468-HDR-e1552394598216.jpg\u00bb disabled_on=\u00bboff|off|off\u00bb _builder_version=\u00bb3.18.9&#8243; custom_margin=\u00bb-2px||-158px\u00bb custom_margin_phone=\u00bb-10px||-88px\u00bb custom_margin_last_edited=\u00bbon|desktop\u00bb custom_padding_phone=\u00bb1px||102px\u00bb custom_padding_last_edited=\u00bbon|desktop\u00bb][\/et_pb_fullwidth_image][\/et_pb_section][et_pb_section fb_built=\u00bb1&#8243; custom_padding_last_edited=\u00bbon|desktop\u00bb disabled_on=\u00bboff|off|off\u00bb _builder_version=\u00bb3.18.9&#8243; background_image=\u00bbhttps:\/\/placonstruct.com\/wp-content\/uploads\/2018\/11\/PLA-IMG-INICIO-2.1.png\u00bb parallax=\u00bbon\u00bb parallax_method=\u00bboff\u00bb max_width_phone=\u00bb100%\u00bb max_width_last_edited=\u00bbon|desktop\u00bb custom_margin_phone=\u00bb-150px||\u00bb custom_margin_last_edited=\u00bbon|desktop\u00bb custom_padding=\u00bb86px|0|22px|0|false|false\u00bb custom_padding_phone=\u00bb74px|0|74px|0px|true|false\u00bb top_divider_height_phone=\u00bb12px\u00bb top_divider_height_last_edited=\u00bbon|desktop\u00bb top_divider_repeat_last_edited=\u00bbon|desktop\u00bb][et_pb_row make_fullwidth=\u00bbon\u00bb custom_padding=\u00bb0px|0px|93px|0px|false|false\u00bb padding_1_phone=\u00bb0px||\u00bb padding_1_last_edited=\u00bbon|desktop\u00bb _builder_version=\u00bb3.18.9&#8243; custom_margin_phone=\u00bb-7px||\u00bb custom_margin_last_edited=\u00bbon|desktop\u00bb][et_pb_column type=\u00bb4_4&#8243; _builder_version=\u00bb3.0.47&#8243; padding_phone=\u00bb0px||\u00bb padding_last_edited=\u00bbon|desktop\u00bb parallax=\u00bboff\u00bb parallax_method=\u00bbon\u00bb][et_pb_text _builder_version=\u00bb3.18.9&#8243; text_font=\u00bb||||||||\u00bb text_font_size=\u00bb14px\u00bb text_font_size_phone=\u00bb12px\u00bb text_font_size_last_edited=\u00bboff|desktop\u00bb text_letter_spacing_phone=\u00bb0px\u00bb text_letter_spacing_last_edited=\u00bbon|desktop\u00bb text_line_height=\u00bb1.5em\u00bb text_line_height_phone=\u00bb2em\u00bb text_line_height_last_edited=\u00bboff|desktop\u00bb header_font=\u00bb||||||||\u00bb header_font_size_phone=\u00bb16px\u00bb header_font_size_last_edited=\u00bbon|desktop\u00bb header_letter_spacing_phone=\u00bb0px\u00bb header_letter_spacing_last_edited=\u00bbon|phone\u00bb header_line_height_phone=\u00bb2em\u00bb header_line_height_last_edited=\u00bbon|phone\u00bb max_width_phone=\u00bb100%\u00bb max_width_last_edited=\u00bbon|desktop\u00bb custom_margin_phone=\u00bb|15px||15px|true|true\u00bb custom_margin_last_edited=\u00bbon|desktop\u00bb]<\/p>\n<h1 style=\"text-align: center;\"><span style=\"font-size: xx-large;\"><strong>Inicio<\/strong><\/span><\/h1>\n<p><span style=\"font-size: xx-large;\"><strong><\/strong><\/span><\/p>\n<p style=\"text-align: center;\"><strong>Placonstruct<\/strong> concibe la construcci\u00f3n y rehabilitaci\u00f3n de espacios y viviendas desde una perspectiva 360\u00ba.<\/p>\n<p style=\"text-align: center;\">Su equipo de profesionales especializados en gesti\u00f3n de obra, arquitectura e interiorismo ofrece soluciones integrales<\/p>\n<p style=\"text-align: center;\">para cada proyecto: desde la concepci\u00f3n, hasta la ejecuci\u00f3n y el dise\u00f1o de interiores.<\/p>\n<p style=\"text-align: center;\">[\/et_pb_text][et_pb_text _builder_version=\u00bb3.18.9&#8243; text_font=\u00bb||||||||\u00bb text_font_size=\u00bb14px\u00bb text_font_size_tablet=\u00bb12px\u00bb text_font_size_phone=\u00bb12px\u00bb text_font_size_last_edited=\u00bboff|desktop\u00bb text_letter_spacing_last_edited=\u00bbon|desktop\u00bb text_line_height=\u00bb1.5em\u00bb text_line_height_tablet=\u00bb2em\u00bb text_line_height_phone=\u00bb2em\u00bb text_line_height_last_edited=\u00bboff|desktop\u00bb header_font=\u00bb||||||||\u00bb header_font_size_phone=\u00bb50px\u00bb header_font_size_last_edited=\u00bbon|desktop\u00bb header_letter_spacing_last_edited=\u00bbon|phone\u00bb header_line_height_phone=\u00bb1em\u00bb header_line_height_last_edited=\u00bbon|phone\u00bb custom_margin_phone=\u00bb|33px||33px||true\u00bb custom_margin_last_edited=\u00bbon|desktop\u00bb]<\/p>\n<h1 style=\"text-align: center;\"><span style=\"font-size: xx-large;\"><strong>Nosotros<\/strong><\/span><\/h1>\n<p><span style=\"font-size: xx-large;\"><strong><\/strong><\/span><\/p>\n<p style=\"text-align: center;\"><strong>Placonstruct<\/strong>\u00a0es un equipo de profesionales del mundo de la construcci\u00f3n,<\/p>\n<p style=\"text-align: center;\">arquitectura e interiorismo liderado por Miquel Pla y Laura Moreno.<\/p>\n<p>[\/et_pb_text][\/et_pb_column][\/et_pb_row][\/et_pb_section][et_pb_section fb_built=\u00bb1&#8243; custom_padding_last_edited=\u00bbon|desktop\u00bb disabled_on=\u00bboff|off|off\u00bb _builder_version=\u00bb3.18.9&#8243; background_image=\u00bbhttps:\/\/placonstruct.com\/wp-content\/uploads\/2019\/01\/PLA-IMG-INICIO_1.3.png\u00bb parallax=\u00bbon\u00bb max_width_phone=\u00bb100%\u00bb max_width_last_edited=\u00bbon|desktop\u00bb custom_margin_phone=\u00bb-102px|||1px\u00bb custom_margin_last_edited=\u00bbon|desktop\u00bb custom_padding=\u00bb136px|0|22px|143px|false|false\u00bb custom_padding_phone=\u00bb184px|60px|184px|0px|true|false\u00bb top_divider_height_phone=\u00bb12px\u00bb top_divider_height_last_edited=\u00bbon|desktop\u00bb top_divider_repeat_last_edited=\u00bbon|desktop\u00bb][et_pb_row make_fullwidth=\u00bbon\u00bb custom_width_px=\u00bb2600px\u00bb use_custom_gutter=\u00bbon\u00bb custom_padding=\u00bb134px|0|39px|0px|false|false\u00bb custom_margin=\u00bb-247px||-11px|\u00bb make_equal=\u00bbon\u00bb use_background_color_gradient_1=\u00bboff\u00bb background_color_gradient_start_1=\u00bb#2b87da\u00bb background_color_gradient_end_1=\u00bb#29c4a9&#8243; padding_left_1=\u00bb0px\u00bb padding_left_2=\u00bb17px\u00bb _builder_version=\u00bb3.18.9&#8243; custom_margin_tablet=\u00bb-265px||\u00bb custom_margin_phone=\u00bb-317px|||-20px\u00bb custom_margin_last_edited=\u00bbon|desktop\u00bb][et_pb_column type=\u00bb1_2&#8243; _builder_version=\u00bb3.0.47&#8243; padding_left=\u00bb0px\u00bb parallax=\u00bboff\u00bb parallax_method=\u00bbon\u00bb use_background_color_gradient=\u00bboff\u00bb background_color_gradient_start=\u00bb#2b87da\u00bb background_color_gradient_end=\u00bb#29c4a9&#8243;][et_pb_text _builder_version=\u00bb3.18.9&#8243; text_font=\u00bb||||||||\u00bb text_font_size=\u00bb14px\u00bb text_font_size_tablet=\u00bb12px\u00bb text_font_size_phone=\u00bb12px\u00bb text_font_size_last_edited=\u00bboff|desktop\u00bb text_letter_spacing_last_edited=\u00bbon|desktop\u00bb text_line_height_tablet=\u00bb2em\u00bb text_line_height_phone=\u00bb2em\u00bb text_line_height_last_edited=\u00bboff|desktop\u00bb header_font=\u00bb||||||||\u00bb header_font_size_phone=\u00bb30px\u00bb header_font_size_last_edited=\u00bbon|desktop\u00bb header_letter_spacing_last_edited=\u00bbon|desktop\u00bb header_line_height_phone=\u00bb2em\u00bb header_line_height_last_edited=\u00bbon|phone\u00bb max_width_phone=\u00bb100%\u00bb max_width_last_edited=\u00bbon|desktop\u00bb module_alignment=\u00bbcenter\u00bb custom_margin=\u00bb|56px||\u00bb custom_margin_phone=\u00bb|-101px||82px||false\u00bb custom_margin_last_edited=\u00bbon|desktop\u00bb]<\/p>\n<h1 style=\"text-align: justify;\"><strong>Valores<\/strong><\/h1>\n<p style=\"text-align: justify;\"><strong><\/strong><\/p>\n<p style=\"text-align: justify;\"><strong><\/strong><\/p>\n<p style=\"text-align: justify;\"><strong>Know-how<\/strong><\/p>\n<p style=\"text-align: justify;\">M\u00e1s de 20 a\u00f1os de experiencia avalan nuestro conocimiento y competitividad en el desarrollo t\u00e9cnico de obra p\u00fablica y viviendas particulares.<\/p>\n<p style=\"text-align: justify;\">\n<p style=\"text-align: justify;\"><strong>Trabajo en equipo<\/strong><\/p>\n<p style=\"text-align: justify;\">Formado por especialistas en cada \u00e1rea que trabajan coordinados. Un grupo de j\u00f3venes profesionales expertos en nuevas t\u00e9cnicas y actualizados en las \u00faltimas innovaciones del sector.<\/p>\n<p style=\"text-align: justify;\">\n<p style=\"text-align: justify;\"><strong>Personalizaci\u00f3n<\/strong><\/p>\n<p style=\"text-align: justify;\">Acompa\u00f1amos a cada cliente en todo el proceso para aportar soluciones a medida seg\u00fan sus necesidades y personalidad.<\/p>\n<p>[\/et_pb_text][\/et_pb_column][et_pb_column type=\u00bb1_2&#8243; _builder_version=\u00bb3.0.47&#8243; padding_left=\u00bb17px\u00bb parallax=\u00bboff\u00bb parallax_method=\u00bbon\u00bb][et_pb_text _builder_version=\u00bb3.18.9&#8243; text_font=\u00bb||||||||\u00bb text_font_size=\u00bb14px\u00bb text_font_size_tablet=\u00bb12px\u00bb text_font_size_phone=\u00bb12px\u00bb text_font_size_last_edited=\u00bboff|desktop\u00bb text_letter_spacing_last_edited=\u00bbon|desktop\u00bb text_line_height_tablet=\u00bb2em\u00bb text_line_height_phone=\u00bb2em\u00bb text_line_height_last_edited=\u00bboff|desktop\u00bb header_font=\u00bb||||||||\u00bb header_font_size_phone=\u00bb16px\u00bb header_font_size_last_edited=\u00bbon|desktop\u00bb custom_margin=\u00bb-23px|95px||-43px\u00bb custom_margin_phone=\u00bb-44px|-94px|14px|69px\u00bb custom_margin_last_edited=\u00bbon|phone\u00bb custom_padding=\u00bb|0px||\u00bb custom_padding_phone=\u00bb|0px||0px\u00bb custom_padding_last_edited=\u00bbon|desktop\u00bb]<\/p>\n<p style=\"text-align: justify;\"><strong><\/strong><\/p>\n<p style=\"text-align: justify;\"><strong><\/strong><\/p>\n<p style=\"text-align: justify;\"><strong><\/strong><\/p>\n<p style=\"text-align: justify;\"><strong><\/strong><\/p>\n<p style=\"text-align: justify;\"><strong>Transparencia<\/strong><\/p>\n<p style=\"text-align: justify;\">Apostamos por una relaci\u00f3n basada en la honestidad, la \u00e9tica y la responsabilidad. Sabemos que la confianza es esencial para trabajar a gusto.<\/p>\n<p style=\"text-align: justify;\">\n<p style=\"text-align: justify;\"><strong>Calidad<\/strong><\/p>\n<p style=\"text-align: justify;\">Acabados impecables y cumplimiento de plazos de entrega con rigurosidad. Trabajamos para aportar la m\u00e1xima excelencia en cada proyecto, cuidando todos los detalles y materiales.<\/p>\n<p style=\"text-align: justify;\">\n<p style=\"text-align: justify;\"><strong>Sostenibilidad<\/strong><\/p>\n<p style=\"text-align: justify;\">Nuestros proyectos se sustentan en principios de sostenibilidad y respeto por el medio ambiente. Empleamos soluciones t\u00e9cnicas que fomentan una construcci\u00f3n sostenible, integran energ\u00edas renovables y aprovechan los recursos naturales.<\/p>\n<p>[\/et_pb_text][\/et_pb_column][\/et_pb_row][et_pb_row make_fullwidth=\u00bbon\u00bb custom_width_px=\u00bb2600px\u00bb use_custom_gutter=\u00bbon\u00bb custom_padding=\u00bb319px|0|39px|0px|false|false\u00bb custom_margin=\u00bb-247px||-11px|\u00bb make_equal=\u00bbon\u00bb use_background_color_gradient_1=\u00bboff\u00bb background_color_gradient_start_1=\u00bb#2b87da\u00bb background_color_gradient_end_1=\u00bb#29c4a9&#8243; padding_left_1=\u00bb0px\u00bb padding_left_2=\u00bb17px\u00bb _builder_version=\u00bb3.18.9&#8243; custom_margin_tablet=\u00bb-265px||\u00bb custom_margin_phone=\u00bb-317px||-106px|-20px\u00bb custom_margin_last_edited=\u00bbon|desktop\u00bb][et_pb_column type=\u00bb1_2&#8243; _builder_version=\u00bb3.0.47&#8243; padding_left=\u00bb0px\u00bb parallax=\u00bboff\u00bb parallax_method=\u00bbon\u00bb use_background_color_gradient=\u00bboff\u00bb background_color_gradient_start=\u00bb#2b87da\u00bb background_color_gradient_end=\u00bb#29c4a9&#8243;][et_pb_text _builder_version=\u00bb3.18.9&#8243; text_font=\u00bb||||||||\u00bb text_font_size=\u00bb14px\u00bb text_font_size_tablet=\u00bb12px\u00bb text_font_size_phone=\u00bb12px\u00bb text_font_size_last_edited=\u00bboff|desktop\u00bb text_letter_spacing_last_edited=\u00bbon|desktop\u00bb text_line_height_tablet=\u00bb2em\u00bb text_line_height_phone=\u00bb2em\u00bb text_line_height_last_edited=\u00bboff|desktop\u00bb header_font=\u00bb||||||||\u00bb header_font_size_phone=\u00bb30px\u00bb header_font_size_last_edited=\u00bbon|desktop\u00bb header_letter_spacing_last_edited=\u00bbon|desktop\u00bb header_line_height_phone=\u00bb2em\u00bb header_line_height_last_edited=\u00bbon|phone\u00bb max_width_phone=\u00bb100%\u00bb max_width_last_edited=\u00bbon|desktop\u00bb module_alignment=\u00bbcenter\u00bb custom_margin=\u00bb|56px||\u00bb custom_margin_phone=\u00bb|-89px||87px||false\u00bb custom_margin_last_edited=\u00bbon|desktop\u00bb]<\/p>\n<h1 style=\"text-align: justify;\"><strong>Servicios<\/strong><\/h1>\n<p style=\"text-align: justify;\"><strong><\/strong><\/p>\n<p style=\"text-align: justify;\"><strong><\/strong><\/p>\n<p><strong><\/strong><\/p>\n<p style=\"text-align: justify;\"><strong>Obra <\/strong><\/p>\n<p style=\"text-align: justify;\">Construcci\u00f3n y rehabilitaci\u00f3n de obra p\u00fablica, fincas, locales y viviendas. Realizamos su ejecuci\u00f3n integral, desde la conceptualizaci\u00f3n del proyecto, hasta direcci\u00f3n y ejecuci\u00f3n de la obra.<\/p>\n<p style=\"text-align: justify;\">Rehabilitaci\u00f3n de fachadas, cubiertas, edificios catalogados, refuerzos estructurales, patios, escaleras, vest\u00edbulos.<\/p>\n<p style=\"text-align: justify;\">Obra nueva y reformas de espacios residenciales, corporativos, hoteleros y sanitarios.<\/p>\n<p style=\"text-align: justify;\"><strong>Interiorismo <\/strong><\/p>\n<p style=\"text-align: justify;\">Dise\u00f1amos las mejores soluciones para conseguir optimizar la distribuci\u00f3n del espacio y crear un entorno funcional y est\u00e9tico. Damos forma al estilo de cada cliente. Asimismo, dise\u00f1amos y producimos mobiliario a medida.<\/p>\n<p>[\/et_pb_text][\/et_pb_column][et_pb_column type=\u00bb1_2&#8243; _builder_version=\u00bb3.0.47&#8243; padding_left=\u00bb17px\u00bb parallax=\u00bboff\u00bb parallax_method=\u00bbon\u00bb][et_pb_text _builder_version=\u00bb3.18.9&#8243; text_font=\u00bb||||||||\u00bb text_font_size=\u00bb14px\u00bb text_font_size_tablet=\u00bb12px\u00bb text_font_size_phone=\u00bb12px\u00bb text_font_size_last_edited=\u00bboff|desktop\u00bb text_letter_spacing_last_edited=\u00bbon|desktop\u00bb text_line_height_tablet=\u00bb2em\u00bb text_line_height_phone=\u00bb2em\u00bb text_line_height_last_edited=\u00bboff|desktop\u00bb header_font=\u00bb||||||||\u00bb header_font_size_phone=\u00bb16px\u00bb header_font_size_last_edited=\u00bbon|desktop\u00bb custom_margin=\u00bb-23px|95px||-43px\u00bb custom_margin_phone=\u00bb-44px|-82px|14px|70px\u00bb custom_margin_last_edited=\u00bbon|phone\u00bb custom_padding=\u00bb|0px||\u00bb]<\/p>\n<p style=\"text-align: justify;\"><strong><\/strong><\/p>\n<p style=\"text-align: justify;\"><strong><\/strong><\/p>\n<p style=\"text-align: justify;\"><strong><\/strong><\/p>\n<p style=\"text-align: justify;\"><strong><\/strong><\/p>\n<p style=\"text-align: justify;\"><strong><\/strong><\/p>\n<p style=\"text-align: justify;\"><strong><\/strong><\/p>\n<p style=\"text-align: justify;\"><strong><\/strong><\/p>\n<p style=\"text-align: justify;\"><strong>Arquitectura <\/strong><\/p>\n<p style=\"text-align: justify;\">Conceptualizamos el proyecto de edificaci\u00f3n, dise\u00f1amos los planos y elaboramos la documentaci\u00f3n t\u00e9cnica. Gestionamos premisos, licencias, tr\u00e1mites administrativos y realizamos el c\u00e1lculo completo de presupuestos. Pero, sobre todo, asesoramos al cliente sobre las posibilidades del terreno, el espacio o la vivienda para que el proyecto sea un \u00e9xito.<\/p>\n<p style=\"text-align: justify;\">\n<p style=\"text-align: justify;\"><strong>Home Staging <\/strong><\/p>\n<p style=\"text-align: justify;\">Destacamos lo m\u00e1s atractivo de tu casa y minimizamos sus puntos d\u00e9biles en una puesta a punto express su venta o alquiler.<\/p>\n<p style=\"text-align: justify;\"><em>Porque la primera impresi\u00f3n cuenta \u00a1y mucho!<\/em><\/p>\n<p>[\/et_pb_text][\/et_pb_column][\/et_pb_row][\/et_pb_section][et_pb_section fb_built=\u00bb1&#8243; custom_padding_last_edited=\u00bbon|desktop\u00bb _builder_version=\u00bb3.18.9&#8243; background_color=\u00bb#ab0033&#8243; max_width_last_edited=\u00bbon|desktop\u00bb custom_margin=\u00bb79px||-2px\u00bb custom_margin_tablet=\u00bb-225px||21px\u00bb custom_margin_phone=\u00bb-34px||28px||false\u00bb custom_margin_last_edited=\u00bbon|phone\u00bb custom_padding=\u00bb0|0|28px|0|false|false\u00bb custom_padding_tablet=\u00bb46px||46px\u00bb top_divider_color=\u00bb#ffffff\u00bb top_divider_height=\u00bb500px\u00bb top_divider_height_last_edited=\u00bbon|desktop\u00bb][et_pb_row custom_padding=\u00bb70px|0px|19px|0px|false|false\u00bb custom_margin=\u00bb-49px||-51px\u00bb padding_1_phone=\u00bb0px|0px||0px||true\u00bb padding_1_last_edited=\u00bbon|desktop\u00bb _builder_version=\u00bb3.18.9&#8243; custom_margin_last_edited=\u00bbon|desktop\u00bb][et_pb_column type=\u00bb1_3&#8243; _builder_version=\u00bb3.18.9&#8243; padding_phone=\u00bb0px|0px||0px||true\u00bb padding_last_edited=\u00bbon|desktop\u00bb parallax=\u00bboff\u00bb parallax_method=\u00bbon\u00bb][et_pb_cta title=\u00bbOficinas en el Born\u00bb button_url=\u00bbhttps:\/\/placonstruct.com\/?page_id=467&#8243; button_text=\u00bbClick Here\u00bb _builder_version=\u00bb3.18.9&#8243; header_font=\u00bb||||||||\u00bb header_font_size=\u00bb20px\u00bb header_font_size_phone=\u00bb16px\u00bb header_font_size_last_edited=\u00bbon|desktop\u00bb header_letter_spacing_last_edited=\u00bbon|desktop\u00bb header_line_height_phone=\u00bb1em\u00bb header_line_height_last_edited=\u00bbon|phone\u00bb body_font=\u00bb||||||||\u00bb body_font_size_phone=\u00bb20px\u00bb body_font_size_last_edited=\u00bbon|phone\u00bb body_letter_spacing_last_edited=\u00bbon|desktop\u00bb body_line_height_phone=\u00bb1em\u00bb body_line_height_last_edited=\u00bbon|desktop\u00bb body_text_shadow_style=\u00bbpreset3&#8243; body_text_shadow_blur_strength=\u00bb0.71em\u00bb background_image=\u00bbhttps:\/\/placonstruct.com\/wp-content\/uploads\/2019\/05\/9-1.jpg\u00bb custom_button=\u00bbon\u00bb button_font=\u00bb||||||||\u00bb filter_brightness=\u00bb77%\u00bb filter_contrast=\u00bb200%\u00bb mix_blend_mode=\u00bbhard-light\u00bb]<\/p>\n<p>Reforma -Barcelona<\/p>\n<p>[\/et_pb_cta][\/et_pb_column][et_pb_column type=\u00bb1_3&#8243; _builder_version=\u00bb3.18.9&#8243; parallax=\u00bboff\u00bb parallax_method=\u00bbon\u00bb][et_pb_cta title=\u00bbLoft en Sant Gervasi\u00bb button_url=\u00bbhttps:\/\/placonstruct.com\/?page_id=475&#8243; button_text=\u00bbClick Here\u00bb _builder_version=\u00bb3.18.9&#8243; header_font=\u00bb||||||||\u00bb header_font_size=\u00bb20px\u00bb header_font_size_phone=\u00bb16px\u00bb header_font_size_last_edited=\u00bbon|desktop\u00bb header_letter_spacing_last_edited=\u00bbon|desktop\u00bb header_line_height_last_edited=\u00bbon|phone\u00bb body_font=\u00bb||||||||\u00bb body_font_size_phone=\u00bb20px\u00bb body_font_size_last_edited=\u00bbon|phone\u00bb body_letter_spacing_last_edited=\u00bbon|desktop\u00bb body_line_height=\u00bb1em\u00bb body_line_height_last_edited=\u00bbon|desktop\u00bb body_text_shadow_style=\u00bbpreset3&#8243; body_text_shadow_horizontal_length=\u00bb0.02em\u00bb body_text_shadow_blur_strength=\u00bb0.5em\u00bb background_image=\u00bbhttps:\/\/placonstruct.com\/wp-content\/uploads\/2019\/05\/INA7464-HDR.jpg\u00bb custom_button=\u00bbon\u00bb button_font=\u00bb||||||||\u00bb custom_padding=\u00bb||49px\u00bb]<\/p>\n<p>Reforma &#8211; Barcelona<\/p>\n<p>[\/et_pb_cta][\/et_pb_column][et_pb_column type=\u00bb1_3&#8243; _builder_version=\u00bb3.18.9&#8243; parallax=\u00bboff\u00bb parallax_method=\u00bbon\u00bb][et_pb_cta title=\u00bbVivienda en Sant Eusebi\u00bb button_url=\u00bbhttps:\/\/placonstruct.com\/?page_id=544&#8243; button_text=\u00bbClick Here\u00bb _builder_version=\u00bb3.18.9&#8243; header_font=\u00bb||||||||\u00bb header_font_size=\u00bb20px\u00bb header_font_size_phone=\u00bb16px\u00bb header_font_size_last_edited=\u00bbon|desktop\u00bb header_letter_spacing_last_edited=\u00bbon|desktop\u00bb header_line_height_last_edited=\u00bbon|desktop\u00bb body_font=\u00bb||||||||\u00bb body_font_size_phone=\u00bb20px\u00bb body_font_size_last_edited=\u00bbon|phone\u00bb body_letter_spacing_last_edited=\u00bbon|desktop\u00bb body_line_height_phone=\u00bb1.5em\u00bb body_line_height_last_edited=\u00bbon|desktop\u00bb body_text_shadow_style=\u00bbpreset3&#8243; background_image=\u00bbhttps:\/\/placonstruct.com\/wp-content\/uploads\/2019\/05\/DSCF5291.jpg\u00bb background_position=\u00bbtop_center\u00bb custom_button=\u00bbon\u00bb button_font=\u00bb||||||||\u00bb custom_padding=\u00bb||41px\u00bb]<\/p>\n<p>Reforma-Barcelona<\/p>\n<p>[\/et_pb_cta][\/et_pb_column][\/et_pb_row][et_pb_row _builder_version=\u00bb3.18.9&#8243; custom_padding=\u00bb73px|0px|7px|0px|false|false\u00bb][et_pb_column type=\u00bb4_4&#8243; _builder_version=\u00bb3.18.9&#8243; parallax=\u00bboff\u00bb parallax_method=\u00bbon\u00bb][et_pb_button custom_button=\u00bbon\u00bb button_text_size=\u00bb14px\u00bb button_text_color=\u00bb#ffffff\u00bb button_border_width=\u00bb0px\u00bb button_border_radius=\u00bb9px\u00bb button_letter_spacing=\u00bb2px\u00bb button_icon=\u00bb%%198%%\u00bb button_on_hover=\u00bboff\u00bb background_layout=\u00bbdark\u00bb animation_style=\u00bbzoom\u00bb button_text=\u00bbTodos los proyectos\u00bb _builder_version=\u00bb3.18.9&#8243; button_alignment=\u00bbcenter\u00bb button_url=\u00bbhttps:\/\/placonstruct.com\/?page_id=38&#038;et_fb=1&#8243; button_font=\u00bbAnonymous Pro|700|||||||\u00bb][\/et_pb_button][\/et_pb_column][\/et_pb_row][\/et_pb_section]<\/p>\n","protected":false},"excerpt":{"rendered":"<p>[et_pb_section fb_built=\u00bb1&#8243; fullwidth=\u00bbon\u00bb _builder_version=\u00bb3.18.9&#8243;][et_pb_fullwidth_image src=\u00bbhttps:\/\/placonstruct.com\/wp-content\/uploads\/2019\/03\/INA7468-HDR-e1552394598216.jpg\u00bb disabled_on=\u00bboff|off|off\u00bb _builder_version=\u00bb3.18.9&#8243; custom_margin=\u00bb-2px||-158px\u00bb custom_margin_phone=\u00bb-10px||-88px\u00bb custom_margin_last_edited=\u00bbon|desktop\u00bb custom_padding_phone=\u00bb1px||102px\u00bb custom_padding_last_edited=\u00bbon|desktop\u00bb][\/et_pb_fullwidth_image][\/et_pb_section][et_pb_section fb_built=\u00bb1&#8243; custom_padding_last_edited=\u00bbon|desktop\u00bb disabled_on=\u00bboff|off|off\u00bb _builder_version=\u00bb3.18.9&#8243; background_image=\u00bbhttps:\/\/placonstruct.com\/wp-content\/uploads\/2018\/11\/PLA-IMG-INICIO-2.1.png\u00bb parallax=\u00bbon\u00bb parallax_method=\u00bboff\u00bb max_width_phone=\u00bb100%\u00bb max_width_last_edited=\u00bbon|desktop\u00bb custom_margin_phone=\u00bb-150px||\u00bb custom_margin_last_edited=\u00bbon|desktop\u00bb custom_padding=\u00bb86px|0|22px|0|false|false\u00bb custom_padding_phone=\u00bb74px|0|74px|0px|true|false\u00bb top_divider_height_phone=\u00bb12px\u00bb top_divider_height_last_edited=\u00bbon|desktop\u00bb top_divider_repeat_last_edited=\u00bbon|desktop\u00bb][et_pb_row make_fullwidth=\u00bbon\u00bb custom_padding=\u00bb0px|0px|93px|0px|false|false\u00bb padding_1_phone=\u00bb0px||\u00bb padding_1_last_edited=\u00bbon|desktop\u00bb _builder_version=\u00bb3.18.9&#8243; custom_margin_phone=\u00bb-7px||\u00bb custom_margin_last_edited=\u00bbon|desktop\u00bb][et_pb_column type=\u00bb4_4&#8243; _builder_version=\u00bb3.0.47&#8243; padding_phone=\u00bb0px||\u00bb padding_last_edited=\u00bbon|desktop\u00bb parallax=\u00bboff\u00bb parallax_method=\u00bbon\u00bb][et_pb_text _builder_version=\u00bb3.18.9&#8243; text_font=\u00bb||||||||\u00bb text_font_size=\u00bb14px\u00bb text_font_size_phone=\u00bb12px\u00bb text_font_size_last_edited=\u00bboff|desktop\u00bb text_letter_spacing_phone=\u00bb0px\u00bb text_letter_spacing_last_edited=\u00bbon|desktop\u00bb text_line_height=\u00bb1.5em\u00bb text_line_height_phone=\u00bb2em\u00bb text_line_height_last_edited=\u00bboff|desktop\u00bb header_font=\u00bb||||||||\u00bb header_font_size_phone=\u00bb16px\u00bb header_font_size_last_edited=\u00bbon|desktop\u00bb header_letter_spacing_phone=\u00bb0px\u00bb [&hellip;]<\/p>\n","protected":false},"author":1,"featured_media":0,"parent":0,"menu_order":0,"comment_status":"closed","ping_status":"closed","template":"","meta":{"_et_pb_use_builder":"on","_et_pb_old_content":"","_et_gb_content_width":"","footnotes":""},"class_list":["post-61","page","type-page","status-publish","hentry"],"_links":{"self":[{"href":"http:\/\/placonstruct.com\/index.php?rest_route=\/wp\/v2\/pages\/61","targetHints":{"allow":["GET"]}}],"collection":[{"href":"http:\/\/placonstruct.com\/index.php?rest_route=\/wp\/v2\/pages"}],"about":[{"href":"http:\/\/placonstruct.com\/index.php?rest_route=\/wp\/v2\/types\/page"}],"author":[{"embeddable":true,"href":"http:\/\/placonstruct.com\/index.php?rest_route=\/wp\/v2\/users\/1"}],"replies":[{"embeddable":true,"href":"http:\/\/placonstruct.com\/index.php?rest_route=%2Fwp%2Fv2%2Fcomments&post=61"}],"version-history":[{"count":326,"href":"http:\/\/placonstruct.com\/index.php?rest_route=\/wp\/v2\/pages\/61\/revisions"}],"predecessor-version":[{"id":1930,"href":"http:\/\/placonstruct.com\/index.php?rest_route=\/wp\/v2\/pages\/61\/revisions\/1930"}],"wp:attachment":[{"href":"http:\/\/placonstruct.com\/index.php?rest_route=%2Fwp%2Fv2%2Fmedia&parent=61"}],"curies":[{"name":"wp","href":"https:\/\/api.w.org\/{rel}","templated":true}]}}